{"id":1367,"date":"2023-08-27T11:18:37","date_gmt":"2023-08-27T11:18:37","guid":{"rendered":"https:\/\/denmar.com.tr\/?page_id=1367"},"modified":"2023-08-27T11:18:37","modified_gmt":"2023-08-27T11:18:37","slug":"havayolu-tasimaciligi","status":"publish","type":"page","link":"https:\/\/denmar.com.tr\/?page_id=1367","title":{"rendered":"Havayolu Ta\u015f\u0131mac\u0131l\u0131\u011f\u0131"},"content":{"rendered":"<section class=\"wpb-content-wrapper\"><div class=\"vc_row wpb_row vc_row-fluid vc_custom_1414841734642\">\n<div class=\"parallax-wrapper\">\n<div class=\"wpb_column vc_column_container vc_col-sm-12\">\n<div class=\"vc_column-inner \">\n<div class=\"wpb_wrapper\">\n<div class=\"wpb_text_column wpb_content_element \">\n<div class=\"wpb_wrapper\">\n<p>Denmar en rekabet\u00e7i fiyatlarla h\u0131zl\u0131 ve g\u00fcvenilebilir bir \u015fekilde hava kargo hizmetleri sunmaktad\u0131r<\/p>\n<p>Hava ta\u015f\u0131mac\u0131l\u0131\u011f\u0131ndaki engin tecr\u00fcbemiz ve be\u015f k\u0131tay\u0131 kapsayan 50\u2019den fazla ofis ve 130 ajan\u0131n olu\u015fturdu\u011fu bir a\u011f\u0131m\u0131zla,<\/p>\n<p>ula\u015f\u0131m ve lojistik konusunda \u00f6zel ihtiya\u00e7lara cevap verebilecek global deneyime sahip yerel uzmanl\u0131k sunuyoruz.<\/p>\n<p><img loading=\"lazy\" decoding=\"async\" class=\" wp-image-1917 alignleft\" src=\"http:\/\/demo.gezegenbilisim.com\/denmar\/wp-content\/uploads\/2018\/09\/42420797-300x300.jpg\" sizes=\"auto, (max-width: 300px) 100vw, 300px\" srcset=\"https:\/\/denmar.com.tr\/wp-content\/uploads\/2018\/09\/42420797-300x300.jpg 300w, https:\/\/denmar.com.tr\/wp-content\/uploads\/2018\/09\/42420797-300x300-150x150.jpg 150w\" alt=\"\" width=\"216\" height=\"216\" \/><\/p>\n<p>Denmar\u2019nin hava nakliye hizmetleri \u015funlar\u0131 i\u00e7erir:<\/p>\n<ul>\n<li>Hava\u00a0 operasyonlar\u0131 i\u00e7in entegre nakliye hizmeti<\/li>\n<li>Konsolidasyon servisi<\/li>\n<li>Deniz-Hava intermodal \u00e7\u00f6z\u00fcmleri<\/li>\n<li>Kap\u0131dan kap\u0131ya teslimat<\/li>\n<li>G\u00fcmr\u00fckleme ve belgeleme<\/li>\n<\/ul>\n<\/div>\n<\/div>\n<\/div>\n<\/div>\n<\/div>\n<p>&nbsp;<\/p>\n<\/div>\n<\/div>\n<div class=\"vc_row wpb_row vc_row-fluid vc_custom_1461016463981\">\n<div class=\"parallax-wrapper\">\n<div class=\"wpb_column vc_column_container vc_col-sm-4\">\n<div class=\"vc_column-inner \">\n<div class=\"wpb_wrapper\">\n<div id=\"tile-with-icon_icon1953\" class=\"title-with-icon-wrapper clear xxlarge \" data-color=\"\">\n<div class=\"wpb_content_element title-with-icon clearfix top-style\"><\/div>\n<\/div>\n<\/div>\n<\/div>\n<\/div>\n<div class=\"wpb_column vc_column_container vc_col-sm-4\">\n<div class=\"vc_column-inner \">\n<div class=\"wpb_wrapper\">\n<div id=\"tile-with-icon_icon6569\" class=\"title-with-icon-wrapper clear xxlarge \" data-color=\"\"><\/div>\n<\/div>\n<\/div>\n<\/div>\n<\/div>\n<\/div>\n\n<table id=\"tablepress-3\" class=\"tablepress tablepress-id-3\">\n<tbody class=\"row-hover\">\n<tr class=\"row-1 odd\">\n\t<td class=\"column-1\">Aarhus<\/td><td class=\"column-2\">Abidjan<\/td><td class=\"column-3\">AbuDhabi<\/td><td class=\"column-4\">Acapulco<\/td><td class=\"column-5\">Addis Ababa<\/td><td class=\"column-6\">Aden<\/td>\n<\/tr>\n<tr class=\"row-2 even\">\n\t<td class=\"column-1\">Ahmedabad<\/td><td class=\"column-2\">Alicante<\/td><td class=\"column-3\">Almat\u0131<\/td><td class=\"column-4\">Altamira<\/td><td class=\"column-5\">Amman<\/td><td class=\"column-6\">Amsterdam<\/td>\n<\/tr>\n<tr class=\"row-3 odd\">\n\t<td class=\"column-1\">Annaba<\/td><td class=\"column-2\">Aqabe<\/td><td class=\"column-3\">Arica<\/td><td class=\"column-4\">Askabad<\/td><td class=\"column-5\">Astana<\/td><td class=\"column-6\">Atina<\/td>\n<\/tr>\n<tr class=\"row-4 even\">\n\t<td class=\"column-1\">Atlanta<\/td><td class=\"column-2\">Atlantic City<\/td><td class=\"column-3\">Auckland<\/td><td class=\"column-4\">Ba\u011fdat<\/td><td class=\"column-5\">Baku<\/td><td class=\"column-6\">Bali<\/td>\n<\/tr>\n<tr class=\"row-5 odd\">\n\t<td class=\"column-1\">Baltimore<\/td><td class=\"column-2\">Bangkong<\/td><td class=\"column-3\">Barcelona<\/td><td class=\"column-4\">Basel \/ Mulhouse<\/td><td class=\"column-5\">Bata<\/td><td class=\"column-6\">Batum<\/td>\n<\/tr>\n<tr class=\"row-6 even\">\n\t<td class=\"column-1\">Beirut<\/td><td class=\"column-2\">Belfast<\/td><td class=\"column-3\">Belgrad<\/td><td class=\"column-4\">Benin City<\/td><td class=\"column-5\">Berlin<\/td><td class=\"column-6\">Bilbao<\/td>\n<\/tr>\n<tr class=\"row-7 odd\">\n\t<td class=\"column-1\">Bingazi<\/td><td class=\"column-2\">Birmingham<\/td><td class=\"column-3\">Biskek<\/td><td class=\"column-4\">Bogota<\/td><td class=\"column-5\">Bologna<\/td><td class=\"column-6\">Bonaire<\/td>\n<\/tr>\n<tr class=\"row-8 even\">\n\t<td class=\"column-1\">Boston<\/td><td class=\"column-2\">Brasilia<\/td><td class=\"column-3\">Bratislava<\/td><td class=\"column-4\">Bremen<\/td><td class=\"column-5\">Brescia<\/td><td class=\"column-6\">Brisbane<\/td>\n<\/tr>\n<tr class=\"row-9 odd\">\n\t<td class=\"column-1\">Br\u00fcksel<\/td><td class=\"column-2\">Budapeste<\/td><td class=\"column-3\">Buenos Aires<\/td><td class=\"column-4\">Busan<\/td><td class=\"column-5\">B\u00fckre\u015f<\/td><td class=\"column-6\">Cairo<\/td>\n<\/tr>\n<tr class=\"row-10 even\">\n\t<td class=\"column-1\">Cape Town<\/td><td class=\"column-2\">Casablanca<\/td><td class=\"column-3\">Cenevre<\/td><td class=\"column-4\">Cenoa<\/td><td class=\"column-5\">Cezayir<\/td><td class=\"column-6\">Chennai (Madras)<\/td>\n<\/tr>\n<tr class=\"row-11 odd\">\n\t<td class=\"column-1\">Chicago<\/td><td class=\"column-2\">Chittagong<\/td><td class=\"column-3\">Cibuti<\/td><td class=\"column-4\">Colombo<\/td><td class=\"column-5\">Columbia<\/td><td class=\"column-6\">Cordoba<\/td>\n<\/tr>\n<tr class=\"row-12 even\">\n\t<td class=\"column-1\">Cotonou<\/td><td class=\"column-2\">Dakar<\/td><td class=\"column-3\">Dallas<\/td><td class=\"column-4\">Dar\u00fcsselam<\/td><td class=\"column-5\">Detroit<\/td><td class=\"column-6\">Dhaka<\/td>\n<\/tr>\n<tr class=\"row-13 odd\">\n\t<td class=\"column-1\">Doha<\/td><td class=\"column-2\">Douala<\/td><td class=\"column-3\">Dublin<\/td><td class=\"column-4\">Durban<\/td><td class=\"column-5\">Dusanbe<\/td><td class=\"column-6\">D\u00fcsseldorf<\/td>\n<\/tr>\n<tr class=\"row-14 even\">\n\t<td class=\"column-1\">East London<\/td><td class=\"column-2\">Edinburg<\/td><td class=\"column-3\">Erbil<\/td><td class=\"column-4\">Ercan<\/td><td class=\"column-5\">Erivan<\/td><td class=\"column-6\">Floransa<\/td>\n<\/tr>\n<tr class=\"row-15 odd\">\n\t<td class=\"column-1\">Frankfurt<\/td><td class=\"column-2\">Gdansk<\/td><td class=\"column-3\">Glasgow<\/td><td class=\"column-4\">G\u00f6teborg<\/td><td class=\"column-5\">Granada<\/td><td class=\"column-6\">Graz<\/td>\n<\/tr>\n<tr class=\"row-16 even\">\n\t<td class=\"column-1\">Guangzhou<\/td><td class=\"column-2\">Guayaguil<\/td><td class=\"column-3\">Hamburg<\/td><td class=\"column-4\">Haydarabad<\/td><td class=\"column-5\">Heathrow<\/td><td class=\"column-6\">Helsinki<\/td>\n<\/tr>\n<tr class=\"row-17 odd\">\n\t<td class=\"column-1\">Ho Chi Minh<\/td><td class=\"column-2\">Hong Kong<\/td><td class=\"column-3\">Houston<\/td><td class=\"column-4\">Iskenderiye<\/td><td class=\"column-5\">\u0130skenderiye<\/td><td class=\"column-6\">\u0130stanbul<\/td>\n<\/tr>\n<tr class=\"row-18 even\">\n\t<td class=\"column-1\">Jacksonville<\/td><td class=\"column-2\">Jakarta<\/td><td class=\"column-3\">Jeddah<\/td><td class=\"column-4\">Johannesburg<\/td><td class=\"column-5\">K\u00e2bil<\/td><td class=\"column-6\">Kaliningrad<\/td>\n<\/tr>\n<tr class=\"row-19 odd\">\n\t<td class=\"column-1\">Karachi<\/td><td class=\"column-2\">Katowice<\/td><td class=\"column-3\">Kazan<\/td><td class=\"column-4\">Kiev<\/td><td class=\"column-5\">Ki\u015finev<\/td><td class=\"column-6\">Klaipeda<\/td>\n<\/tr>\n<tr class=\"row-20 even\">\n\t<td class=\"column-1\">Kobe<\/td><td class=\"column-2\">Kopenhag<\/td><td class=\"column-3\">K\u00f6ln<\/td><td class=\"column-4\">K\u00f6stence<\/td><td class=\"column-5\">Krasnodar<\/td><td class=\"column-6\">Kuala Lumpur<\/td>\n<\/tr>\n<tr class=\"row-21 odd\">\n\t<td class=\"column-1\">Lagos<\/td><td class=\"column-2\">Lahore<\/td><td class=\"column-3\">Las Vegas<\/td><td class=\"column-4\">Lima<\/td><td class=\"column-5\">Limni<\/td><td class=\"column-6\">Linz<\/td>\n<\/tr>\n<tr class=\"row-22 even\">\n\t<td class=\"column-1\">Liverpool<\/td><td class=\"column-2\">Lizbon<\/td><td class=\"column-3\">Ljubljana<\/td><td class=\"column-4\">\u0141odz<\/td><td class=\"column-5\">Los Angeles<\/td><td class=\"column-6\">Luanda<\/td>\n<\/tr>\n<tr class=\"row-23 odd\">\n\t<td class=\"column-1\">Luksemburg<\/td><td class=\"column-2\">Lviv<\/td><td class=\"column-3\">Lyon<\/td><td class=\"column-4\">Madrid<\/td><td class=\"column-5\">Malaga<\/td><td class=\"column-6\">Malm\u00f6<\/td>\n<\/tr>\n<tr class=\"row-24 even\">\n\t<td class=\"column-1\">Malta<\/td><td class=\"column-2\">Malta<\/td><td class=\"column-3\">Manama<\/td><td class=\"column-4\">Manchester<\/td><td class=\"column-5\">Manilla<\/td><td class=\"column-6\">Mannheim<\/td>\n<\/tr>\n<tr class=\"row-25 odd\">\n\t<td class=\"column-1\">Manzanillo<\/td><td class=\"column-2\">Marake\u015f<\/td><td class=\"column-3\">Maribor<\/td><td class=\"column-4\">Marsilya<\/td><td class=\"column-5\">Melbourne<\/td><td class=\"column-6\">Melbourne<\/td>\n<\/tr>\n<tr class=\"row-26 even\">\n\t<td class=\"column-1\">Mexico City<\/td><td class=\"column-2\">Miami<\/td><td class=\"column-3\">Midilli<\/td><td class=\"column-4\">Milano<\/td><td class=\"column-5\">Minsk<\/td><td class=\"column-6\">Misurata<\/td>\n<\/tr>\n<tr class=\"row-27 odd\">\n\t<td class=\"column-1\">Monravia<\/td><td class=\"column-2\">Montevideo<\/td><td class=\"column-3\">Moskova<\/td><td class=\"column-4\">Mumbai (Bombay)<\/td><td class=\"column-5\">Muscat<\/td><td class=\"column-6\">Musul<\/td>\n<\/tr>\n<tr class=\"row-28 even\">\n\t<td class=\"column-1\">M\u00fcnih<\/td><td class=\"column-2\">Nantes<\/td><td class=\"column-3\">Napoli<\/td><td class=\"column-4\">Napoli<\/td><td class=\"column-5\">New Delhi<\/td><td class=\"column-6\">New Jersey<\/td>\n<\/tr>\n<tr class=\"row-29 odd\">\n\t<td class=\"column-1\">New Orleans<\/td><td class=\"column-2\">New York City<\/td><td class=\"column-3\">Ningbo<\/td><td class=\"column-4\">Norfolk<\/td><td class=\"column-5\">Oakland<\/td><td class=\"column-6\">Odense<\/td>\n<\/tr>\n<tr class=\"row-30 even\">\n\t<td class=\"column-1\">Odessa<\/td><td class=\"column-2\">Omsk<\/td><td class=\"column-3\">Oran<\/td><td class=\"column-4\">Osaka<\/td><td class=\"column-5\">Oslo<\/td><td class=\"column-6\">Panama City<\/td>\n<\/tr>\n<tr class=\"row-31 odd\">\n\t<td class=\"column-1\">Panama City<\/td><td class=\"column-2\">Paris CDG<\/td><td class=\"column-3\">Pekin<\/td><td class=\"column-4\">Penang<\/td><td class=\"column-5\">Perth<\/td><td class=\"column-6\">Philadelphia (PA)<\/td>\n<\/tr>\n<tr class=\"row-32 even\">\n\t<td class=\"column-1\">Pointe Noire<\/td><td class=\"column-2\">Port Elizabeth<\/td><td class=\"column-3\">Port Harcourt<\/td><td class=\"column-4\">Port Sudan<\/td><td class=\"column-5\">Portland<\/td><td class=\"column-6\">Porto<\/td>\n<\/tr>\n<tr class=\"row-33 odd\">\n\t<td class=\"column-1\">Poznan<\/td><td class=\"column-2\">Prag<\/td><td class=\"column-3\">Pri\u015ftine<\/td><td class=\"column-4\">Qingdao<\/td><td class=\"column-5\">Rabat<\/td><td class=\"column-6\">Reims<\/td>\n<\/tr>\n<tr class=\"row-34 even\">\n\t<td class=\"column-1\">Riga<\/td><td class=\"column-2\">Rijeka<\/td><td class=\"column-3\">Rio de Janeiro<\/td><td class=\"column-4\">Rio Grande<\/td><td class=\"column-5\">R\u00edo Grande<\/td><td class=\"column-6\">Riyadh<\/td>\n<\/tr>\n<tr class=\"row-35 odd\">\n\t<td class=\"column-1\">Roma<\/td><td class=\"column-2\">Rotterdam<\/td><td class=\"column-3\">Saint Petersburg<\/td><td class=\"column-4\">Salalah<\/td><td class=\"column-5\">Salt Lake City<\/td><td class=\"column-6\">Salzburg<\/td>\n<\/tr>\n<tr class=\"row-36 even\">\n\t<td class=\"column-1\">San Francisco<\/td><td class=\"column-2\">Santa Cruz<\/td><td class=\"column-3\">Santa Fe<\/td><td class=\"column-4\">Santander<\/td><td class=\"column-5\">Santiago<\/td><td class=\"column-6\">Sao Paulo<\/td>\n<\/tr>\n<tr class=\"row-37 odd\">\n\t<td class=\"column-1\">Saray Bosna<\/td><td class=\"column-2\">Seattle<\/td><td class=\"column-3\">Selanik<\/td><td class=\"column-4\">Seul<\/td><td class=\"column-5\">Sevilla<\/td><td class=\"column-6\">Sidney<\/td>\n<\/tr>\n<tr class=\"row-38 even\">\n\t<td class=\"column-1\">Sidney<\/td><td class=\"column-2\">Singapore<\/td><td class=\"column-3\">Sofia<\/td><td class=\"column-4\">Sohar<\/td><td class=\"column-5\">Split<\/td><td class=\"column-6\">Stockholm<\/td>\n<\/tr>\n<tr class=\"row-39 odd\">\n\t<td class=\"column-1\">Strazburg<\/td><td class=\"column-2\">Stuttgart<\/td><td class=\"column-3\">Surabaya<\/td><td class=\"column-4\">S\u00fcleymaniye<\/td><td class=\"column-5\">\u015eam<\/td><td class=\"column-6\">\u015ehanghai<\/td>\n<\/tr>\n<tr class=\"row-40 even\">\n\t<td class=\"column-1\">\u015ehenzen<\/td><td class=\"column-2\">Taipei<\/td><td class=\"column-3\">Tallin<\/td><td class=\"column-4\">Tampa<\/td><td class=\"column-5\">Tangier<\/td><td class=\"column-6\">Tarragona<\/td>\n<\/tr>\n<tr class=\"row-41 odd\">\n\t<td class=\"column-1\">Tashkent<\/td><td class=\"column-2\">Tehran<\/td><td class=\"column-3\">Tel Aviv<\/td><td class=\"column-4\">Tiflis<\/td><td class=\"column-5\">Tiran<\/td><td class=\"column-6\">Tobruk<\/td>\n<\/tr>\n<tr class=\"row-42 even\">\n\t<td class=\"column-1\">Tokyo<\/td><td class=\"column-2\">Torino<\/td><td class=\"column-3\">Tripoli<\/td><td class=\"column-4\">Ufa<\/td><td class=\"column-5\">Ulan Batur<\/td><td class=\"column-6\">Urum\u00e7i<\/td>\n<\/tr>\n<tr class=\"row-43 odd\">\n\t<td class=\"column-1\">Uskup<\/td><td class=\"column-2\">Valencia<\/td><td class=\"column-3\">Var\u015fova<\/td><td class=\"column-4\">Venedik<\/td><td class=\"column-5\">Veracruz<\/td><td class=\"column-6\">Victoria<\/td>\n<\/tr>\n<tr class=\"row-44 even\">\n\t<td class=\"column-1\">Vilnus<\/td><td class=\"column-2\">Viyana<\/td><td class=\"column-3\">Washington<\/td><td class=\"column-4\">Zagreb<\/td><td class=\"column-5\">Zaragoza<\/td><td class=\"column-6\">Z\u00fcrih<\/td>\n<\/tr>\n<\/tbody>\n<\/table>\n<!-- #tablepress-3 from cache -->\n<\/section>","protected":false},"excerpt":{"rendered":"<p>Denmar en rekabet\u00e7i fiyatlarla h\u0131zl\u0131 ve g\u00fcvenilebilir bir \u015fekilde hava kargo hizmetleri sunmaktad\u0131r Hava ta\u015f\u0131mac\u0131l\u0131\u011f\u0131ndaki engin tecr\u00fcbemiz ve be\u015f k\u0131tay\u0131 kapsayan 50\u2019den fazla ofis ve 130 ajan\u0131n olu\u015fturdu\u011fu bir a\u011f\u0131m\u0131zla, ula\u015f\u0131m ve lojistik&#8230;<\/p>\n","protected":false},"author":1,"featured_media":0,"parent":0,"menu_order":0,"comment_status":"closed","ping_status":"closed","template":"","meta":{"footnotes":""},"class_list":["post-1367","page","type-page","status-publish","hentry"],"_links":{"self":[{"href":"https:\/\/denmar.com.tr\/index.php?rest_route=\/wp\/v2\/pages\/1367","targetHints":{"allow":["GET"]}}],"collection":[{"href":"https:\/\/denmar.com.tr\/index.php?rest_route=\/wp\/v2\/pages"}],"about":[{"href":"https:\/\/denmar.com.tr\/index.php?rest_route=\/wp\/v2\/types\/page"}],"author":[{"embeddable":true,"href":"https:\/\/denmar.com.tr\/index.php?rest_route=\/wp\/v2\/users\/1"}],"replies":[{"embeddable":true,"href":"https:\/\/denmar.com.tr\/index.php?rest_route=%2Fwp%2Fv2%2Fcomments&post=1367"}],"version-history":[{"count":1,"href":"https:\/\/denmar.com.tr\/index.php?rest_route=\/wp\/v2\/pages\/1367\/revisions"}],"predecessor-version":[{"id":1371,"href":"https:\/\/denmar.com.tr\/index.php?rest_route=\/wp\/v2\/pages\/1367\/revisions\/1371"}],"wp:attachment":[{"href":"https:\/\/denmar.com.tr\/index.php?rest_route=%2Fwp%2Fv2%2Fmedia&parent=1367"}],"curies":[{"name":"wp","href":"https:\/\/api.w.org\/{rel}","templated":true}]}}